{"id":32,"date":"2020-04-13T11:18:50","date_gmt":"2020-04-13T09:18:50","guid":{"rendered":"https:\/\/paulshuesle.barga.com\/?page_id=32"},"modified":"2025-04-20T09:54:35","modified_gmt":"2025-04-20T07:54:35","slug":"preise","status":"publish","type":"page","link":"https:\/\/paulshuesle.at\/en\/preise\/","title":{"rendered":"Prices"},"content":{"rendered":"<div data-elementor-type=\"wp-page\" data-elementor-id=\"32\" class=\"elementor elementor-32\">\n\t\t\t\t\t\t<section class=\"elementor-section elementor-top-section elementor-element elementor-element-14ec361 elementor-section-boxed elementor-section-height-default elementor-section-height-default\" data-id=\"14ec361\" data-element_type=\"section\" data-settings=\"{&quot;background_background&quot;:&quot;classic&quot;}\">\n\t\t\t\t\t\t\t<div class=\"elementor-background-overlay\"><\/div>\n\t\t\t\t\t\t\t<div class=\"elementor-container elementor-column-gap-default\">\n\t\t\t\t\t<div class=\"elementor-column elementor-col-100 elementor-top-column elementor-element elementor-element-f3310db\" data-id=\"f3310db\" data-element_type=\"column\">\n\t\t\t<div class=\"elementor-widget-wrap elementor-element-populated\">\n\t\t\t\t\t\t<div class=\"elementor-element elementor-element-7bf7affe elementor-widget elementor-widget-heading\" data-id=\"7bf7affe\" data-element_type=\"widget\" data-widget_type=\"heading.default\">\n\t\t\t\t<div class=\"elementor-widget-container\">\n\t\t\t\t\t<h1 class=\"elementor-heading-title elementor-size-default\">Prices<\/h1>\t\t\t\t<\/div>\n\t\t\t\t<\/div>\n\t\t\t\t\t<\/div>\n\t\t<\/div>\n\t\t\t\t\t<\/div>\n\t\t<\/section>\n\t\t\t\t<section class=\"elementor-section elementor-top-section elementor-element elementor-element-2320ae90 elementor-section-boxed elementor-section-height-default elementor-section-height-default\" data-id=\"2320ae90\" data-element_type=\"section\">\n\t\t\t\t\t\t<div class=\"elementor-container elementor-column-gap-default\">\n\t\t\t\t\t<div class=\"elementor-column elementor-col-100 elementor-top-column elementor-element elementor-element-44810385\" data-id=\"44810385\" data-element_type=\"column\">\n\t\t\t<div class=\"elementor-widget-wrap elementor-element-populated\">\n\t\t\t\t\t\t<div class=\"elementor-element elementor-element-6ead86bd elementor-hidden-mobile elementor-widget elementor-widget-spacer\" data-id=\"6ead86bd\" data-element_type=\"widget\" data-widget_type=\"spacer.default\">\n\t\t\t\t<div class=\"elementor-widget-container\">\n\t\t\t\t\t\t\t<div class=\"elementor-spacer\">\n\t\t\t<div class=\"elementor-spacer-inner\"><\/div>\n\t\t<\/div>\n\t\t\t\t\t\t<\/div>\n\t\t\t\t<\/div>\n\t\t\t\t\t<\/div>\n\t\t<\/div>\n\t\t\t\t\t<\/div>\n\t\t<\/section>\n\t\t\t\t<section class=\"elementor-section elementor-top-section elementor-element elementor-element-5ea1793 elementor-section-boxed elementor-section-height-default elementor-section-height-default\" data-id=\"5ea1793\" data-element_type=\"section\">\n\t\t\t\t\t\t<div class=\"elementor-container elementor-column-gap-wider\">\n\t\t\t\t\t<div class=\"elementor-column elementor-col-50 elementor-top-column elementor-element elementor-element-172d3e49\" data-id=\"172d3e49\" data-element_type=\"column\" data-settings=\"{&quot;background_background&quot;:&quot;classic&quot;}\">\n\t\t\t<div class=\"elementor-widget-wrap elementor-element-populated\">\n\t\t\t\t\t\t<div class=\"elementor-element elementor-element-7136992f elementor-position-top elementor-widget elementor-widget-image-box\" data-id=\"7136992f\" data-element_type=\"widget\" data-widget_type=\"image-box.default\">\n\t\t\t\t<div class=\"elementor-widget-container\">\n\t\t\t\t\t<div class=\"elementor-image-box-wrapper\"><figure class=\"elementor-image-box-img\"><img fetchpriority=\"high\" decoding=\"async\" width=\"1980\" height=\"990\" src=\"https:\/\/paulshuesle.at\/wp-content\/uploads\/2022\/08\/paulshuesle-slider2-2.jpg\" class=\"attachment-full size-full wp-image-700\" alt=\"\" srcset=\"https:\/\/paulshuesle.at\/wp-content\/uploads\/2022\/08\/paulshuesle-slider2-2.jpg 1980w, https:\/\/paulshuesle.at\/wp-content\/uploads\/2022\/08\/paulshuesle-slider2-2-300x150.jpg 300w, https:\/\/paulshuesle.at\/wp-content\/uploads\/2022\/08\/paulshuesle-slider2-2-1024x512.jpg 1024w, https:\/\/paulshuesle.at\/wp-content\/uploads\/2022\/08\/paulshuesle-slider2-2-768x384.jpg 768w, https:\/\/paulshuesle.at\/wp-content\/uploads\/2022\/08\/paulshuesle-slider2-2-1536x768.jpg 1536w\" sizes=\"(max-width: 1980px) 100vw, 1980px\" \/><\/figure><div class=\"elementor-image-box-content\"><h3 class=\"elementor-image-box-title\">Prices Summer<\/h3><p class=\"elementor-image-box-description\">Die Wohnung hat 85m2 und ist f\u00fcr 2-4 Personen ausgerichtet. Der Preis f\u00fcr die Wohnung pro \u00dcbernachtung betr\u00e4gt je nach Personenanzahl und Saisonszeit  zwischen EUR 105,- und EUR 195,-<br><br>\n \nHinzu kommt eine einmalige Endreinigungsgeb\u00fchr von EUR 120,-\nsowie die \u00f6rtliche G\u00e4stetaxe mit EUR 2,60 pro Tag und Person \u00fcber 15 Jahre<\/p><\/div><\/div>\t\t\t\t<\/div>\n\t\t\t\t<\/div>\n\t\t\t\t\t<\/div>\n\t\t<\/div>\n\t\t\t\t<div class=\"elementor-column elementor-col-50 elementor-top-column elementor-element elementor-element-107c5603\" data-id=\"107c5603\" data-element_type=\"column\">\n\t\t\t<div class=\"elementor-widget-wrap elementor-element-populated\">\n\t\t\t\t\t\t<div class=\"elementor-element elementor-element-f9841e8 elementor-position-top elementor-widget elementor-widget-image-box\" data-id=\"f9841e8\" data-element_type=\"widget\" data-widget_type=\"image-box.default\">\n\t\t\t\t<div class=\"elementor-widget-container\">\n\t\t\t\t\t<div class=\"elementor-image-box-wrapper\"><figure class=\"elementor-image-box-img\"><img decoding=\"async\" width=\"900\" height=\"450\" src=\"https:\/\/paulshuesle.at\/wp-content\/uploads\/2024\/06\/preise-winter-new.jpg\" class=\"attachment-full size-full wp-image-1618\" alt=\"\" srcset=\"https:\/\/paulshuesle.at\/wp-content\/uploads\/2024\/06\/preise-winter-new.jpg 900w, https:\/\/paulshuesle.at\/wp-content\/uploads\/2024\/06\/preise-winter-new-300x150.jpg 300w, https:\/\/paulshuesle.at\/wp-content\/uploads\/2024\/06\/preise-winter-new-768x384.jpg 768w, https:\/\/paulshuesle.at\/wp-content\/uploads\/2024\/06\/preise-winter-new-18x9.jpg 18w\" sizes=\"(max-width: 900px) 100vw, 900px\" \/><\/figure><div class=\"elementor-image-box-content\"><h3 class=\"elementor-image-box-title\">Prices Winter<\/h3><p class=\"elementor-image-box-description\">Die Wohnung hat 85m2 und ist f\u00fcr 2-4 Personen ausgerichtet. Der Preis f\u00fcr die Wohnung pro \u00dcbernachtung betr\u00e4gt je nach Personenanzahl und Saisonszeit  zwischen EUR 165,- und EUR 395,-<br><br>\n \nHinzu kommt eine einmalige Endreinigungsgeb\u00fchr von EUR 120,-\nsowie die \u00f6rtliche G\u00e4stetaxe mit EUR 2,60 pro Tag und Person \u00fcber 15 Jahren<\/p><\/div><\/div>\t\t\t\t<\/div>\n\t\t\t\t<\/div>\n\t\t\t\t\t<\/div>\n\t\t<\/div>\n\t\t\t\t\t<\/div>\n\t\t<\/section>\n\t\t\t\t<section class=\"elementor-section elementor-top-section elementor-element elementor-element-628fe55e elementor-section-boxed elementor-section-height-default elementor-section-height-default\" data-id=\"628fe55e\" data-element_type=\"section\">\n\t\t\t\t\t\t<div class=\"elementor-container elementor-column-gap-default\">\n\t\t\t\t\t<div class=\"elementor-column elementor-col-100 elementor-top-column elementor-element elementor-element-622ef676\" data-id=\"622ef676\" data-element_type=\"column\">\n\t\t\t<div class=\"elementor-widget-wrap elementor-element-populated\">\n\t\t\t\t\t\t<div class=\"elementor-element elementor-element-18349740 elementor-hidden-mobile elementor-widget elementor-widget-spacer\" data-id=\"18349740\" data-element_type=\"widget\" data-widget_type=\"spacer.default\">\n\t\t\t\t<div class=\"elementor-widget-container\">\n\t\t\t\t\t\t\t<div class=\"elementor-spacer\">\n\t\t\t<div class=\"elementor-spacer-inner\"><\/div>\n\t\t<\/div>\n\t\t\t\t\t\t<\/div>\n\t\t\t\t<\/div>\n\t\t\t\t<div class=\"elementor-element elementor-element-6bbb33c6 elementor-widget elementor-widget-heading\" data-id=\"6bbb33c6\" data-element_type=\"widget\" data-widget_type=\"heading.default\">\n\t\t\t\t<div class=\"elementor-widget-container\">\n\t\t\t\t\t<h3 class=\"elementor-heading-title elementor-size-default\">We will be happy to make you an individual offer for your trip.<\/h3>\t\t\t\t<\/div>\n\t\t\t\t<\/div>\n\t\t\t\t<section class=\"elementor-section elementor-inner-section elementor-element elementor-element-46b3ec65 elementor-section-boxed elementor-section-height-default elementor-section-height-default\" data-id=\"46b3ec65\" data-element_type=\"section\">\n\t\t\t\t\t\t<div class=\"elementor-container elementor-column-gap-default\">\n\t\t\t\t\t<div class=\"elementor-column elementor-col-50 elementor-inner-column elementor-element elementor-element-51ff2e7d\" data-id=\"51ff2e7d\" data-element_type=\"column\">\n\t\t\t<div class=\"elementor-widget-wrap elementor-element-populated\">\n\t\t\t\t\t\t<div class=\"elementor-element elementor-element-f75f6f8 elementor-align-center elementor-widget elementor-widget-button\" data-id=\"f75f6f8\" data-element_type=\"widget\" data-widget_type=\"button.default\">\n\t\t\t\t<div class=\"elementor-widget-container\">\n\t\t\t\t\t\t\t\t\t<div class=\"elementor-button-wrapper\">\n\t\t\t\t\t<a class=\"elementor-button elementor-button-link elementor-size-sm\" href=\"https:\/\/paulshuesle.at\/en\/kontakt\/\">\n\t\t\t\t\t\t<span class=\"elementor-button-content-wrapper\">\n\t\t\t\t\t\t\t\t\t<span class=\"elementor-button-text\">Send a request now<\/span>\n\t\t\t\t\t<\/span>\n\t\t\t\t\t<\/a>\n\t\t\t\t<\/div>\n\t\t\t\t\t\t\t\t<\/div>\n\t\t\t\t<\/div>\n\t\t\t\t\t<\/div>\n\t\t<\/div>\n\t\t\t\t<div class=\"elementor-column elementor-col-50 elementor-inner-column elementor-element elementor-element-1abc8ca4\" data-id=\"1abc8ca4\" data-element_type=\"column\">\n\t\t\t<div class=\"elementor-widget-wrap elementor-element-populated\">\n\t\t\t\t\t\t<div class=\"elementor-element elementor-element-5f605997 elementor-align-center elementor-widget elementor-widget-button\" data-id=\"5f605997\" data-element_type=\"widget\" data-widget_type=\"button.default\">\n\t\t\t\t<div class=\"elementor-widget-container\">\n\t\t\t\t\t\t\t\t\t<div class=\"elementor-button-wrapper\">\n\t\t\t\t\t<a class=\"elementor-button elementor-button-link elementor-size-sm\" href=\"https:\/\/paulshuesle.at\/en\/verfuegbarkeit\/\">\n\t\t\t\t\t\t<span class=\"elementor-button-content-wrapper\">\n\t\t\t\t\t\t\t\t\t<span class=\"elementor-button-text\">Check availability<\/span>\n\t\t\t\t\t<\/span>\n\t\t\t\t\t<\/a>\n\t\t\t\t<\/div>\n\t\t\t\t\t\t\t\t<\/div>\n\t\t\t\t<\/div>\n\t\t\t\t\t<\/div>\n\t\t<\/div>\n\t\t\t\t\t<\/div>\n\t\t<\/section>\n\t\t\t\t<section class=\"elementor-section elementor-inner-section elementor-element elementor-element-7952052 elementor-section-boxed elementor-section-height-default elementor-section-height-default\" data-id=\"7952052\" data-element_type=\"section\">\n\t\t\t\t\t\t<div class=\"elementor-container elementor-column-gap-default\">\n\t\t\t\t\t<div class=\"elementor-column elementor-col-100 elementor-inner-column elementor-element elementor-element-4dcf7263\" data-id=\"4dcf7263\" data-element_type=\"column\">\n\t\t\t<div class=\"elementor-widget-wrap\">\n\t\t\t\t\t\t\t<\/div>\n\t\t<\/div>\n\t\t\t\t\t<\/div>\n\t\t<\/section>\n\t\t\t\t<div class=\"elementor-element elementor-element-6294961f elementor-widget elementor-widget-spacer\" data-id=\"6294961f\" data-element_type=\"widget\" data-widget_type=\"spacer.default\">\n\t\t\t\t<div class=\"elementor-widget-container\">\n\t\t\t\t\t\t\t<div class=\"elementor-spacer\">\n\t\t\t<div class=\"elementor-spacer-inner\"><\/div>\n\t\t<\/div>\n\t\t\t\t\t\t<\/div>\n\t\t\t\t<\/div>\n\t\t\t\t\t<\/div>\n\t\t<\/div>\n\t\t\t\t\t<\/div>\n\t\t<\/section>\n\t\t\t\t<\/div>","protected":false},"excerpt":{"rendered":"<p>Preise Preise Sommer Die Wohnung hat 85m2 und ist f\u00fcr 2-4 Personen ausgerichtet. Der Preis f\u00fcr die Wohnung pro \u00dcbernachtung betr\u00e4gt je nach Personenanzahl und Saisonszeit zwischen EUR 105,- und EUR 195,- Hinzu kommt eine einmalige Endreinigungsgeb\u00fchr von EUR 120,- sowie die \u00f6rtliche G\u00e4stetaxe mit EUR 2,60 pro Tag und Person \u00fcber 15 Jahre Preise [&hellip;]<\/p>","protected":false},"author":1,"featured_media":0,"parent":0,"menu_order":0,"comment_status":"closed","ping_status":"closed","template":"","meta":{"site-sidebar-layout":"no-sidebar","site-content-layout":"page-builder","ast-site-content-layout":"default","site-content-style":"default","site-sidebar-style":"default","ast-global-header-display":"","ast-banner-title-visibility":"","ast-main-header-display":"","ast-hfb-above-header-display":"","ast-hfb-below-header-display":"","ast-hfb-mobile-header-display":"","site-post-title":"disabled","ast-breadcrumbs-content":"","ast-featured-img":"","footer-sml-layout":"","theme-transparent-header-meta":"enabled","adv-header-id-meta":"","stick-header-meta":"","header-above-stick-meta":"","header-main-stick-meta":"","header-below-stick-meta":"","astra-migrate-meta-layouts":"default","ast-page-background-enabled":"default","ast-page-background-meta":{"desktop":{"background-color":"","background-image":"","background-repeat":"repeat","background-position":"center center","background-size":"auto","background-attachment":"scroll","background-type":"","background-media":"","overlay-type":"","overlay-color":"","overlay-opacity":"","overlay-gradient":""},"tablet":{"background-color":"","background-image":"","background-repeat":"repeat","background-position":"center center","background-size":"auto","background-attachment":"scroll","background-type":"","background-media":"","overlay-type":"","overlay-color":"","overlay-opacity":"","overlay-gradient":""},"mobile":{"background-color":"","background-image":"","background-repeat":"repeat","background-position":"center center","background-size":"auto","background-attachment":"scroll","background-type":"","background-media":"","overlay-type":"","overlay-color":"","overlay-opacity":"","overlay-gradient":""}},"ast-content-background-meta":{"desktop":{"background-color":"var(--ast-global-color-5)","background-image":"","background-repeat":"repeat","background-position":"center center","background-size":"auto","background-attachment":"scroll","background-type":"","background-media":"","overlay-type":"","overlay-color":"","overlay-opacity":"","overlay-gradient":""},"tablet":{"background-color":"var(--ast-global-color-5)","background-image":"","background-repeat":"repeat","background-position":"center center","background-size":"auto","background-attachment":"scroll","background-type":"","background-media":"","overlay-type":"","overlay-color":"","overlay-opacity":"","overlay-gradient":""},"mobile":{"background-color":"var(--ast-global-color-5)","background-image":"","background-repeat":"repeat","background-position":"center center","background-size":"auto","background-attachment":"scroll","background-type":"","background-media":"","overlay-type":"","overlay-color":"","overlay-opacity":"","overlay-gradient":""}},"pgc_sgb_lightbox_settings":"","footnotes":""},"class_list":["post-32","page","type-page","status-publish","hentry"],"yoast_head":"<!-- This site is optimized with the Yoast SEO plugin v26.1.1 - https:\/\/yoast.com\/wordpress\/plugins\/seo\/ -->\n<title>Preise - Paul&#039;s H\u00fcsle<\/title>\n<meta name=\"robots\" content=\"index, follow, max-snippet:-1, max-image-preview:large, max-video-preview:-1\" \/>\n<link rel=\"canonical\" href=\"https:\/\/paulshuesle.at\/en\/preise\/\" \/>\n<meta property=\"og:locale\" content=\"en_GB\" \/>\n<meta property=\"og:type\" content=\"article\" \/>\n<meta property=\"og:title\" content=\"Preise - Paul&#039;s H\u00fcsle\" \/>\n<meta property=\"og:description\" content=\"Preise Preise Sommer Die Wohnung hat 85m2 und ist f\u00fcr 2-4 Personen ausgerichtet. Der Preis f\u00fcr die Wohnung pro \u00dcbernachtung betr\u00e4gt je nach Personenanzahl und Saisonszeit zwischen EUR 105,- und EUR 195,- Hinzu kommt eine einmalige Endreinigungsgeb\u00fchr von EUR 120,- sowie die \u00f6rtliche G\u00e4stetaxe mit EUR 2,60 pro Tag und Person \u00fcber 15 Jahre Preise [&hellip;]\" \/>\n<meta property=\"og:url\" content=\"https:\/\/paulshuesle.at\/en\/preise\/\" \/>\n<meta property=\"og:site_name\" content=\"Paul&#039;s H\u00fcsle\" \/>\n<meta property=\"article:modified_time\" content=\"2025-04-20T07:54:35+00:00\" \/>\n<meta property=\"og:image\" content=\"https:\/\/paulshuesle.at\/wp-content\/uploads\/2022\/08\/paulshuesle-slider2-2.jpg\" \/>\n\t<meta property=\"og:image:width\" content=\"1980\" \/>\n\t<meta property=\"og:image:height\" content=\"990\" \/>\n\t<meta property=\"og:image:type\" content=\"image\/jpeg\" \/>\n<meta name=\"twitter:card\" content=\"summary_large_image\" \/>\n<meta name=\"twitter:label1\" content=\"Estimated reading time\" \/>\n\t<meta name=\"twitter:data1\" content=\"2 minutes\" \/>\n<script type=\"application\/ld+json\" class=\"yoast-schema-graph\">{\"@context\":\"https:\/\/schema.org\",\"@graph\":[{\"@type\":\"WebPage\",\"@id\":\"https:\/\/paulshuesle.at\/preise\/\",\"url\":\"https:\/\/paulshuesle.at\/preise\/\",\"name\":\"Preise - Paul&#039;s H\u00fcsle\",\"isPartOf\":{\"@id\":\"https:\/\/paulshuesle.at\/#website\"},\"primaryImageOfPage\":{\"@id\":\"https:\/\/paulshuesle.at\/preise\/#primaryimage\"},\"image\":{\"@id\":\"https:\/\/paulshuesle.at\/preise\/#primaryimage\"},\"thumbnailUrl\":\"https:\/\/paulshuesle.at\/wp-content\/uploads\/2022\/08\/paulshuesle-slider2-2.jpg\",\"datePublished\":\"2020-04-13T09:18:50+00:00\",\"dateModified\":\"2025-04-20T07:54:35+00:00\",\"breadcrumb\":{\"@id\":\"https:\/\/paulshuesle.at\/preise\/#breadcrumb\"},\"inLanguage\":\"en-GB\",\"potentialAction\":[{\"@type\":\"ReadAction\",\"target\":[\"https:\/\/paulshuesle.at\/preise\/\"]}]},{\"@type\":\"ImageObject\",\"inLanguage\":\"en-GB\",\"@id\":\"https:\/\/paulshuesle.at\/preise\/#primaryimage\",\"url\":\"https:\/\/paulshuesle.at\/wp-content\/uploads\/2022\/08\/paulshuesle-slider2-2.jpg\",\"contentUrl\":\"https:\/\/paulshuesle.at\/wp-content\/uploads\/2022\/08\/paulshuesle-slider2-2.jpg\"},{\"@type\":\"BreadcrumbList\",\"@id\":\"https:\/\/paulshuesle.at\/preise\/#breadcrumb\",\"itemListElement\":[{\"@type\":\"ListItem\",\"position\":1,\"name\":\"Startseite\",\"item\":\"https:\/\/paulshuesle.at\/\"},{\"@type\":\"ListItem\",\"position\":2,\"name\":\"Preise\"}]},{\"@type\":\"WebSite\",\"@id\":\"https:\/\/paulshuesle.at\/#website\",\"url\":\"https:\/\/paulshuesle.at\/\",\"name\":\"Paul&#039;s H\u00fcsle\",\"description\":\"Ferienwohnung mitten in den Bergen\",\"publisher\":{\"@id\":\"https:\/\/paulshuesle.at\/#organization\"},\"potentialAction\":[{\"@type\":\"SearchAction\",\"target\":{\"@type\":\"EntryPoint\",\"urlTemplate\":\"https:\/\/paulshuesle.at\/?s={search_term_string}\"},\"query-input\":{\"@type\":\"PropertyValueSpecification\",\"valueRequired\":true,\"valueName\":\"search_term_string\"}}],\"inLanguage\":\"en-GB\"},{\"@type\":\"Organization\",\"@id\":\"https:\/\/paulshuesle.at\/#organization\",\"name\":\"Paul&#039;s H\u00fcsle\",\"url\":\"https:\/\/paulshuesle.at\/\",\"logo\":{\"@type\":\"ImageObject\",\"inLanguage\":\"en-GB\",\"@id\":\"https:\/\/paulshuesle.at\/#\/schema\/logo\/image\/\",\"url\":\"https:\/\/paulshuesle.at\/wp-content\/uploads\/2022\/08\/logo-2.jpg\",\"contentUrl\":\"https:\/\/paulshuesle.at\/wp-content\/uploads\/2022\/08\/logo-2.jpg\",\"width\":600,\"height\":381,\"caption\":\"Paul&#039;s H\u00fcsle\"},\"image\":{\"@id\":\"https:\/\/paulshuesle.at\/#\/schema\/logo\/image\/\"}}]}<\/script>\n<!-- \/ Yoast SEO plugin. -->","yoast_head_json":{"title":"Preise - Paul&#039;s H\u00fcsle","robots":{"index":"index","follow":"follow","max-snippet":"max-snippet:-1","max-image-preview":"max-image-preview:large","max-video-preview":"max-video-preview:-1"},"canonical":"https:\/\/paulshuesle.at\/en\/preise\/","og_locale":"en_GB","og_type":"article","og_title":"Preise - Paul&#039;s H\u00fcsle","og_description":"Preise Preise Sommer Die Wohnung hat 85m2 und ist f\u00fcr 2-4 Personen ausgerichtet. Der Preis f\u00fcr die Wohnung pro \u00dcbernachtung betr\u00e4gt je nach Personenanzahl und Saisonszeit zwischen EUR 105,- und EUR 195,- Hinzu kommt eine einmalige Endreinigungsgeb\u00fchr von EUR 120,- sowie die \u00f6rtliche G\u00e4stetaxe mit EUR 2,60 pro Tag und Person \u00fcber 15 Jahre Preise [&hellip;]","og_url":"https:\/\/paulshuesle.at\/en\/preise\/","og_site_name":"Paul&#039;s H\u00fcsle","article_modified_time":"2025-04-20T07:54:35+00:00","og_image":[{"width":1980,"height":990,"url":"https:\/\/paulshuesle.at\/wp-content\/uploads\/2022\/08\/paulshuesle-slider2-2.jpg","type":"image\/jpeg"}],"twitter_card":"summary_large_image","twitter_misc":{"Estimated reading time":"2 minutes"},"schema":{"@context":"https:\/\/schema.org","@graph":[{"@type":"WebPage","@id":"https:\/\/paulshuesle.at\/preise\/","url":"https:\/\/paulshuesle.at\/preise\/","name":"Preise - Paul&#039;s H\u00fcsle","isPartOf":{"@id":"https:\/\/paulshuesle.at\/#website"},"primaryImageOfPage":{"@id":"https:\/\/paulshuesle.at\/preise\/#primaryimage"},"image":{"@id":"https:\/\/paulshuesle.at\/preise\/#primaryimage"},"thumbnailUrl":"https:\/\/paulshuesle.at\/wp-content\/uploads\/2022\/08\/paulshuesle-slider2-2.jpg","datePublished":"2020-04-13T09:18:50+00:00","dateModified":"2025-04-20T07:54:35+00:00","breadcrumb":{"@id":"https:\/\/paulshuesle.at\/preise\/#breadcrumb"},"inLanguage":"en-GB","potentialAction":[{"@type":"ReadAction","target":["https:\/\/paulshuesle.at\/preise\/"]}]},{"@type":"ImageObject","inLanguage":"en-GB","@id":"https:\/\/paulshuesle.at\/preise\/#primaryimage","url":"https:\/\/paulshuesle.at\/wp-content\/uploads\/2022\/08\/paulshuesle-slider2-2.jpg","contentUrl":"https:\/\/paulshuesle.at\/wp-content\/uploads\/2022\/08\/paulshuesle-slider2-2.jpg"},{"@type":"BreadcrumbList","@id":"https:\/\/paulshuesle.at\/preise\/#breadcrumb","itemListElement":[{"@type":"ListItem","position":1,"name":"Startseite","item":"https:\/\/paulshuesle.at\/"},{"@type":"ListItem","position":2,"name":"Preise"}]},{"@type":"WebSite","@id":"https:\/\/paulshuesle.at\/#website","url":"https:\/\/paulshuesle.at\/","name":"Paul&#039;s H\u00fcsle","description":"Holiday apartment in the middle of the mountains","publisher":{"@id":"https:\/\/paulshuesle.at\/#organization"},"potentialAction":[{"@type":"SearchAction","target":{"@type":"EntryPoint","urlTemplate":"https:\/\/paulshuesle.at\/?s={search_term_string}"},"query-input":{"@type":"PropertyValueSpecification","valueRequired":true,"valueName":"search_term_string"}}],"inLanguage":"en-GB"},{"@type":"Organization","@id":"https:\/\/paulshuesle.at\/#organization","name":"Paul&#039;s H\u00fcsle","url":"https:\/\/paulshuesle.at\/","logo":{"@type":"ImageObject","inLanguage":"en-GB","@id":"https:\/\/paulshuesle.at\/#\/schema\/logo\/image\/","url":"https:\/\/paulshuesle.at\/wp-content\/uploads\/2022\/08\/logo-2.jpg","contentUrl":"https:\/\/paulshuesle.at\/wp-content\/uploads\/2022\/08\/logo-2.jpg","width":600,"height":381,"caption":"Paul&#039;s H\u00fcsle"},"image":{"@id":"https:\/\/paulshuesle.at\/#\/schema\/logo\/image\/"}}]}},"_links":{"self":[{"href":"https:\/\/paulshuesle.at\/en\/wp-json\/wp\/v2\/pages\/32","targetHints":{"allow":["GET"]}}],"collection":[{"href":"https:\/\/paulshuesle.at\/en\/wp-json\/wp\/v2\/pages"}],"about":[{"href":"https:\/\/paulshuesle.at\/en\/wp-json\/wp\/v2\/types\/page"}],"author":[{"embeddable":true,"href":"https:\/\/paulshuesle.at\/en\/wp-json\/wp\/v2\/users\/1"}],"replies":[{"embeddable":true,"href":"https:\/\/paulshuesle.at\/en\/wp-json\/wp\/v2\/comments?post=32"}],"version-history":[{"count":0,"href":"https:\/\/paulshuesle.at\/en\/wp-json\/wp\/v2\/pages\/32\/revisions"}],"wp:attachment":[{"href":"https:\/\/paulshuesle.at\/en\/wp-json\/wp\/v2\/media?parent=32"}],"curies":[{"name":"wp","href":"https:\/\/api.w.org\/{rel}","templated":true}]}}